{"id":7,"date":"2023-01-31T14:16:24","date_gmt":"2023-01-31T14:16:24","guid":{"rendered":"https:\/\/vintergatangalleria.se\/?page_id=7"},"modified":"2025-11-13T09:44:19","modified_gmt":"2025-11-13T09:44:19","slug":"vintergatan-galleria","status":"publish","type":"page","link":"https:\/\/vintergatangalleria.krea.nu\/en\/","title":{"rendered":"Galleria Milky Way"},"content":{"rendered":"<p>You can easily park on the roof of Vintergatan, where you have access to both a lift and stairs directly into the mall. Right now we have <a href=\"https:\/\/vintergatangalleria.krea.nu\/en\/opening-hours\/\">flexible opening hours<\/a>. This means that the shopping centre will be open as usual, but shops may have different opening hours.<\/p>\n<p>For more information please contact the respective <a href=\"https:\/\/vintergatangalleria.krea.nu\/en\/stores\/\">shop \/ restaurant \/ caf\u00e9<\/a>.<\/p>","protected":false},"excerpt":{"rendered":"<p>Galleria Vintergatan in Skellefte\u00e5 is located in the city centre and offers shopping for everyone! Vintergatan is located in the neighbourhood of Nygatan and Tr\u00e4dg\u00e5rdsgatan in Skellefte\u00e5.<\/p>","protected":false},"author":1,"featured_media":2855,"parent":0,"menu_order":1,"comment_status":"closed","ping_status":"closed","template":"","meta":{"_acf_changed":false,"footnotes":""},"class_list":["post-7","page","type-page","status-publish","has-post-thumbnail","hentry"],"acf":[],"_links":{"self":[{"href":"https:\/\/vintergatangalleria.krea.nu\/en\/wp-json\/wp\/v2\/pages\/7","targetHints":{"allow":["GET"]}}],"collection":[{"href":"https:\/\/vintergatangalleria.krea.nu\/en\/wp-json\/wp\/v2\/pages"}],"about":[{"href":"https:\/\/vintergatangalleria.krea.nu\/en\/wp-json\/wp\/v2\/types\/page"}],"author":[{"embeddable":true,"href":"https:\/\/vintergatangalleria.krea.nu\/en\/wp-json\/wp\/v2\/users\/1"}],"replies":[{"embeddable":true,"href":"https:\/\/vintergatangalleria.krea.nu\/en\/wp-json\/wp\/v2\/comments?post=7"}],"version-history":[{"count":100,"href":"https:\/\/vintergatangalleria.krea.nu\/en\/wp-json\/wp\/v2\/pages\/7\/revisions"}],"predecessor-version":[{"id":3164,"href":"https:\/\/vintergatangalleria.krea.nu\/en\/wp-json\/wp\/v2\/pages\/7\/revisions\/3164"}],"wp:featuredmedia":[{"embeddable":true,"href":"https:\/\/vintergatangalleria.krea.nu\/en\/wp-json\/wp\/v2\/media\/2855"}],"wp:attachment":[{"href":"https:\/\/vintergatangalleria.krea.nu\/en\/wp-json\/wp\/v2\/media?parent=7"}],"curies":[{"name":"wp","href":"https:\/\/api.w.org\/{rel}","templated":true}]}}