{"id":1830,"date":"2024-09-13T10:19:06","date_gmt":"2024-09-13T08:19:06","guid":{"rendered":"https:\/\/vintergatangalleria.se\/?page_id=1830"},"modified":"2025-11-13T08:35:43","modified_gmt":"2025-11-13T08:35:43","slug":"boka-event","status":"publish","type":"page","link":"https:\/\/vintergatangalleria.krea.nu\/en\/boka-event\/","title":{"rendered":"Book an event"},"content":{"rendered":"<p>F\u00f6r oss \u00e4r det viktigt att v\u00e4lja evenemang som bidrar till en positiv upplevelse f\u00f6r v\u00e5ra bes\u00f6kare och skapar merv\u00e4rde f\u00f6r alla parter. V\u00e4nligen fyll i formul\u00e4ret nedan och beskriv era planer i detalj f\u00f6r att ans\u00f6ka om att arrangera ert evenemang h\u00e4r.<\/p>\n<p>Vi f\u00f6rbeh\u00e5ller oss r\u00e4tten att v\u00e4lja evenemang baserat p\u00e5 informationen i formul\u00e4ret, samt andra faktorer som tillg\u00e5ng, timing och p\u00e5g\u00e5ende aktiviteter i gallerian.<\/p>\n<p>V\u00e4lkommen med er f\u00f6rfr\u00e5gan &#8211; vi ser fram emot att h\u00f6ra fr\u00e5n er.<\/p>","protected":false},"excerpt":{"rendered":"<p>Vi har en centralt bel\u00e4gen och inbjudande eventyta, perfekt f\u00f6r f\u00f6retag, f\u00f6reningar, organisationer eller privatpersoner som vill skapa ett minnesv\u00e4rt evenemang. Oavsett om ni planerar en produktlansering, en uppvisning, en pop-up eller n\u00e5got helt annat, erbjuder eventytan en utm\u00e4rkt m\u00f6jlighet att n\u00e5 ut till b\u00e5de bes\u00f6kare och kunder i Vintergatan.<\/p>","protected":false},"author":1,"featured_media":2121,"parent":0,"menu_order":20,"comment_status":"closed","ping_status":"closed","template":"","meta":{"_acf_changed":false,"footnotes":""},"class_list":["post-1830","page","type-page","status-publish","has-post-thumbnail","hentry"],"acf":[],"_links":{"self":[{"href":"https:\/\/vintergatangalleria.krea.nu\/en\/wp-json\/wp\/v2\/pages\/1830","targetHints":{"allow":["GET"]}}],"collection":[{"href":"https:\/\/vintergatangalleria.krea.nu\/en\/wp-json\/wp\/v2\/pages"}],"about":[{"href":"https:\/\/vintergatangalleria.krea.nu\/en\/wp-json\/wp\/v2\/types\/page"}],"author":[{"embeddable":true,"href":"https:\/\/vintergatangalleria.krea.nu\/en\/wp-json\/wp\/v2\/users\/1"}],"replies":[{"embeddable":true,"href":"https:\/\/vintergatangalleria.krea.nu\/en\/wp-json\/wp\/v2\/comments?post=1830"}],"version-history":[{"count":10,"href":"https:\/\/vintergatangalleria.krea.nu\/en\/wp-json\/wp\/v2\/pages\/1830\/revisions"}],"predecessor-version":[{"id":3156,"href":"https:\/\/vintergatangalleria.krea.nu\/en\/wp-json\/wp\/v2\/pages\/1830\/revisions\/3156"}],"wp:featuredmedia":[{"embeddable":true,"href":"https:\/\/vintergatangalleria.krea.nu\/en\/wp-json\/wp\/v2\/media\/2121"}],"wp:attachment":[{"href":"https:\/\/vintergatangalleria.krea.nu\/en\/wp-json\/wp\/v2\/media?parent=1830"}],"curies":[{"name":"wp","href":"https:\/\/api.w.org\/{rel}","templated":true}]}}