{"id":1135,"date":"2023-04-20T14:14:00","date_gmt":"2023-04-20T12:14:00","guid":{"rendered":"https:\/\/vintergatangalleria.se\/?page_id=1135"},"modified":"2025-11-11T14:54:18","modified_gmt":"2025-11-11T14:54:18","slug":"car-parking","status":"publish","type":"page","link":"https:\/\/vintergatangalleria.krea.nu\/en\/car-parking\/","title":{"rendered":"Car parking"},"content":{"rendered":"","protected":false},"excerpt":{"rendered":"<p>Du kan smidigt och enkelt parkera uppe p\u00e5 Vintergatans tak, d\u00e4r du har tillg\u00e5ng till b\u00e5de hiss och trappa direkt in i gallerian.<\/p>","protected":false},"author":1,"featured_media":2033,"parent":0,"menu_order":4,"comment_status":"closed","ping_status":"closed","template":"","meta":{"_acf_changed":false,"footnotes":""},"class_list":["post-1135","page","type-page","status-publish","has-post-thumbnail","hentry"],"acf":[],"_links":{"self":[{"href":"https:\/\/vintergatangalleria.krea.nu\/en\/wp-json\/wp\/v2\/pages\/1135","targetHints":{"allow":["GET"]}}],"collection":[{"href":"https:\/\/vintergatangalleria.krea.nu\/en\/wp-json\/wp\/v2\/pages"}],"about":[{"href":"https:\/\/vintergatangalleria.krea.nu\/en\/wp-json\/wp\/v2\/types\/page"}],"author":[{"embeddable":true,"href":"https:\/\/vintergatangalleria.krea.nu\/en\/wp-json\/wp\/v2\/users\/1"}],"replies":[{"embeddable":true,"href":"https:\/\/vintergatangalleria.krea.nu\/en\/wp-json\/wp\/v2\/comments?post=1135"}],"version-history":[{"count":3,"href":"https:\/\/vintergatangalleria.krea.nu\/en\/wp-json\/wp\/v2\/pages\/1135\/revisions"}],"predecessor-version":[{"id":2945,"href":"https:\/\/vintergatangalleria.krea.nu\/en\/wp-json\/wp\/v2\/pages\/1135\/revisions\/2945"}],"wp:featuredmedia":[{"embeddable":true,"href":"https:\/\/vintergatangalleria.krea.nu\/en\/wp-json\/wp\/v2\/media\/2033"}],"wp:attachment":[{"href":"https:\/\/vintergatangalleria.krea.nu\/en\/wp-json\/wp\/v2\/media?parent=1135"}],"curies":[{"name":"wp","href":"https:\/\/api.w.org\/{rel}","templated":true}]}}