{"id":1133,"date":"2023-04-20T14:13:30","date_gmt":"2023-04-20T12:13:30","guid":{"rendered":"https:\/\/vintergatangalleria.se\/?page_id=1133"},"modified":"2025-11-12T11:14:10","modified_gmt":"2025-11-12T11:14:10","slug":"hitta-hit","status":"publish","type":"page","link":"https:\/\/vintergatangalleria.krea.nu\/en\/hitta-hit\/","title":{"rendered":"Locate Us"},"content":{"rendered":"<h2>Gallerian har tre ing\u00e5ngar<\/h2>\n<p>\u2013 Tr\u00e4dg\u00e5rdsgatan 15, 931 31 Skellefte\u00e5, ing\u00e5ng fr\u00e5n torget.<br \/>\n\u2013 Nygatan 47, 931 31 Skellefte\u00e5, ing\u00e5ng fr\u00e5n g\u00e5gatan.<br \/>\n\u2013 Ing\u00e5ng fr\u00e5n Gallerians tak<\/p>","protected":false},"excerpt":{"rendered":"<p>Vintergatan Galleria \u00e4r bel\u00e4gen i kvarteret vid Nygatan och Tr\u00e4dg\u00e5rdsgatan i Skellefte\u00e5.<\/p>","protected":false},"author":1,"featured_media":1071,"parent":0,"menu_order":3,"comment_status":"closed","ping_status":"closed","template":"","meta":{"_acf_changed":false,"footnotes":""},"class_list":["post-1133","page","type-page","status-publish","has-post-thumbnail","hentry"],"acf":[],"_links":{"self":[{"href":"https:\/\/vintergatangalleria.krea.nu\/en\/wp-json\/wp\/v2\/pages\/1133","targetHints":{"allow":["GET"]}}],"collection":[{"href":"https:\/\/vintergatangalleria.krea.nu\/en\/wp-json\/wp\/v2\/pages"}],"about":[{"href":"https:\/\/vintergatangalleria.krea.nu\/en\/wp-json\/wp\/v2\/types\/page"}],"author":[{"embeddable":true,"href":"https:\/\/vintergatangalleria.krea.nu\/en\/wp-json\/wp\/v2\/users\/1"}],"replies":[{"embeddable":true,"href":"https:\/\/vintergatangalleria.krea.nu\/en\/wp-json\/wp\/v2\/comments?post=1133"}],"version-history":[{"count":19,"href":"https:\/\/vintergatangalleria.krea.nu\/en\/wp-json\/wp\/v2\/pages\/1133\/revisions"}],"predecessor-version":[{"id":3055,"href":"https:\/\/vintergatangalleria.krea.nu\/en\/wp-json\/wp\/v2\/pages\/1133\/revisions\/3055"}],"wp:featuredmedia":[{"embeddable":true,"href":"https:\/\/vintergatangalleria.krea.nu\/en\/wp-json\/"}],"wp:attachment":[{"href":"https:\/\/vintergatangalleria.krea.nu\/en\/wp-json\/wp\/v2\/media?parent=1133"}],"curies":[{"name":"wp","href":"https:\/\/api.w.org\/{rel}","templated":true}]}}